{"id":196,"date":"2025-04-01T16:12:25","date_gmt":"2025-04-01T14:12:25","guid":{"rendered":"http:\/\/18.175.76.20\/?page_id=196"},"modified":"2025-04-08T13:08:07","modified_gmt":"2025-04-08T11:08:07","slug":"inversion-renfq","status":"publish","type":"page","link":"https:\/\/renfq.com\/en\/inversion-renfq\/","title":{"rendered":"Investment in Re[Nfq]"},"content":{"rendered":"<div data-elementor-type=\"wp-page\" data-elementor-id=\"196\" class=\"elementor elementor-196\">\n\t\t\t\t<div class=\"elementor-element elementor-element-4fa3bab e-flex e-con-boxed e-con e-parent\" data-id=\"4fa3bab\" data-element_type=\"container\">\n\t\t\t\t\t<div class=\"e-con-inner\">\n\t\t\t\t<div class=\"elementor-element elementor-element-e650351 elementor-widget__width-initial elementor-widget elementor-widget-heading\" data-id=\"e650351\" data-element_type=\"widget\" data-widget_type=\"heading.default\">\n\t\t\t\t<div class=\"elementor-widget-container\">\n\t\t\t\t\t<h2 class=\"elementor-heading-title elementor-size-default\">\u2501<\/h2>\t\t\t\t<\/div>\n\t\t\t\t<\/div>\n\t\t\t\t<div class=\"elementor-element elementor-element-957bb9a elementor-widget elementor-widget-heading\" data-id=\"957bb9a\" data-element_type=\"widget\" data-widget_type=\"heading.default\">\n\t\t\t\t<div class=\"elementor-widget-container\">\n\t\t\t\t\t<h3 class=\"elementor-heading-title elementor-size-default\">WHAT IS Re[Nfq]?<\/h3>\t\t\t\t<\/div>\n\t\t\t\t<\/div>\n\t\t\t\t\t<\/div>\n\t\t\t\t<\/div>\n\t\t<div class=\"elementor-element elementor-element-d23db38 e-flex e-con-boxed e-con e-parent\" data-id=\"d23db38\" data-element_type=\"container\">\n\t\t\t\t\t<div class=\"e-con-inner\">\n\t\t\t\t<div class=\"elementor-element elementor-element-3f325ed elementor-widget elementor-widget-text-editor\" data-id=\"3f325ed\" data-element_type=\"widget\" data-widget_type=\"text-editor.default\">\n\t\t\t\t<div class=\"elementor-widget-container\">\n\t\t\t\t\t\t\t\t\t<p>A tool for modelling and optimising proportional life and accident reinsurance programmes.<\/p><p>Statistically, it is based on Monte Carlo, performing millions of simulations of individual risks in the Cloud.<\/p>\t\t\t\t\t\t\t\t<\/div>\n\t\t\t\t<\/div>\n\t\t\t\t\t<\/div>\n\t\t\t\t<\/div>\n\t\t<div class=\"elementor-element elementor-element-14ed263 e-flex e-con-boxed e-con e-parent\" data-id=\"14ed263\" data-element_type=\"container\">\n\t\t\t\t\t<div class=\"e-con-inner\">\n\t\t\t\t<div class=\"elementor-element elementor-element-95bbaaf elementor-widget__width-initial elementor-widget elementor-widget-heading\" data-id=\"95bbaaf\" data-element_type=\"widget\" data-widget_type=\"heading.default\">\n\t\t\t\t<div class=\"elementor-widget-container\">\n\t\t\t\t\t<h2 class=\"elementor-heading-title elementor-size-default\">\u2501<\/h2>\t\t\t\t<\/div>\n\t\t\t\t<\/div>\n\t\t\t\t<div class=\"elementor-element elementor-element-c5402a1 elementor-widget elementor-widget-heading\" data-id=\"c5402a1\" data-element_type=\"widget\" data-widget_type=\"heading.default\">\n\t\t\t\t<div class=\"elementor-widget-container\">\n\t\t\t\t\t<h3 class=\"elementor-heading-title elementor-size-default\">WHAT DOES RE[NFQ] OFFER?<\/h3>\t\t\t\t<\/div>\n\t\t\t\t<\/div>\n\t\t\t\t\t<\/div>\n\t\t\t\t<\/div>\n\t\t<div class=\"elementor-element elementor-element-02174bb e-flex e-con-boxed e-con e-parent\" data-id=\"02174bb\" data-element_type=\"container\">\n\t\t\t\t\t<div class=\"e-con-inner\">\n\t\t\t\t<div class=\"elementor-element elementor-element-d3bc066 elementor-widget elementor-widget-text-editor\" data-id=\"d3bc066\" data-element_type=\"widget\" data-widget_type=\"text-editor.default\">\n\t\t\t\t<div class=\"elementor-widget-container\">\n\t\t\t\t\t\t\t\t\t<p>In Nfq | Insurance we help insurance companies to reduce costs in their financial protection (reinsurance). Our approach allows you to improve risk management in an efficient and personalized way, saving money without losing security.<\/p>\t\t\t\t\t\t\t\t<\/div>\n\t\t\t\t<\/div>\n\t\t\t\t\t<\/div>\n\t\t\t\t<\/div>\n\t\t<div class=\"elementor-element elementor-element-6041f96 e-flex e-con-boxed e-con e-parent\" data-id=\"6041f96\" data-element_type=\"container\">\n\t\t\t\t\t<div class=\"e-con-inner\">\n\t\t\t\t<div class=\"elementor-element elementor-element-e8a4d45 elementor-widget__width-initial elementor-widget elementor-widget-heading\" data-id=\"e8a4d45\" data-element_type=\"widget\" data-widget_type=\"heading.default\">\n\t\t\t\t<div class=\"elementor-widget-container\">\n\t\t\t\t\t<h2 class=\"elementor-heading-title elementor-size-default\">\u2501<\/h2>\t\t\t\t<\/div>\n\t\t\t\t<\/div>\n\t\t\t\t<div class=\"elementor-element elementor-element-8321463 elementor-widget elementor-widget-heading\" data-id=\"8321463\" data-element_type=\"widget\" data-widget_type=\"heading.default\">\n\t\t\t\t<div class=\"elementor-widget-container\">\n\t\t\t\t\t<h3 class=\"elementor-heading-title elementor-size-default\">UTILITY FOR CUSTOMERS<\/h3>\t\t\t\t<\/div>\n\t\t\t\t<\/div>\n\t\t\t\t\t<\/div>\n\t\t\t\t<\/div>\n\t\t<div class=\"elementor-element elementor-element-1ca0e6c e-flex e-con-boxed e-con e-parent\" data-id=\"1ca0e6c\" data-element_type=\"container\">\n\t\t\t\t\t<div class=\"e-con-inner\">\n\t\t\t\t<div class=\"elementor-element elementor-element-6bcead9 elementor-widget elementor-widget-text-editor\" data-id=\"6bcead9\" data-element_type=\"widget\" data-widget_type=\"text-editor.default\">\n\t\t\t\t<div class=\"elementor-widget-container\">\n\t\t\t\t\t\t\t\t\t<p>LOWER COSTS, SAME CONTROL<\/p>\t\t\t\t\t\t\t\t<\/div>\n\t\t\t\t<\/div>\n\t\t\t\t\t<\/div>\n\t\t\t\t<\/div>\n\t\t<div class=\"elementor-element elementor-element-67d72c1 e-flex e-con-boxed e-con e-parent\" data-id=\"67d72c1\" data-element_type=\"container\">\n\t\t\t\t\t<div class=\"e-con-inner\">\n\t\t\t\t<div class=\"elementor-element elementor-element-c5bc4a4 elementor-widget elementor-widget-text-editor\" data-id=\"c5bc4a4\" data-element_type=\"widget\" data-widget_type=\"text-editor.default\">\n\t\t\t\t<div class=\"elementor-widget-container\">\n\t\t\t\t\t\t\t\t\t<p>Re[Nfq] helps insurers reduce their reinsurance costs without losing stability. Our tool optimizes protection programs in life and accident insurance, ensuring that risks are kept within the limits defined by the company, at the lowest possible cost.<\/p><p>Guaranteed savings, without compromising safety.<\/p>\t\t\t\t\t\t\t\t<\/div>\n\t\t\t\t<\/div>\n\t\t\t\t\t<\/div>\n\t\t\t\t<\/div>\n\t\t<div class=\"elementor-element elementor-element-7884d5c e-flex e-con-boxed e-con e-parent\" data-id=\"7884d5c\" data-element_type=\"container\">\n\t\t\t\t\t<div class=\"e-con-inner\">\n\t\t\t\t<div class=\"elementor-element elementor-element-f52efab elementor-widget__width-initial elementor-widget elementor-widget-heading\" data-id=\"f52efab\" data-element_type=\"widget\" data-widget_type=\"heading.default\">\n\t\t\t\t<div class=\"elementor-widget-container\">\n\t\t\t\t\t<h2 class=\"elementor-heading-title elementor-size-default\">\u2501<\/h2>\t\t\t\t<\/div>\n\t\t\t\t<\/div>\n\t\t\t\t<div class=\"elementor-element elementor-element-a1ffc76 elementor-widget elementor-widget-heading\" data-id=\"a1ffc76\" data-element_type=\"widget\" data-widget_type=\"heading.default\">\n\t\t\t\t<div class=\"elementor-widget-container\">\n\t\t\t\t\t<h3 class=\"elementor-heading-title elementor-size-default\">WHY Re[Nfq]?<\/h3>\t\t\t\t<\/div>\n\t\t\t\t<\/div>\n\t\t\t\t\t<\/div>\n\t\t\t\t<\/div>\n\t\t<div class=\"elementor-element elementor-element-e4d6198 e-flex e-con-boxed e-con e-parent\" data-id=\"e4d6198\" data-element_type=\"container\">\n\t\t\t\t\t<div class=\"e-con-inner\">\n\t\t\t\t<div class=\"elementor-element elementor-element-1830985 elementor-widget elementor-widget-text-editor\" data-id=\"1830985\" data-element_type=\"widget\" data-widget_type=\"text-editor.default\">\n\t\t\t\t<div class=\"elementor-widget-container\">\n\t\t\t\t\t\t\t\t\t<p>In many life and casualty insurers, reinsurance programs remain unchanged for years or even decades,<br \/>although the customer portfolio is growing at double-digit rates.<\/p>\t\t\t\t\t\t\t\t<\/div>\n\t\t\t\t<\/div>\n\t\t\t\t\t<\/div>\n\t\t\t\t<\/div>\n\t\t<div class=\"elementor-element elementor-element-373090a e-flex e-con-boxed e-con e-parent\" data-id=\"373090a\" data-element_type=\"container\">\n\t\t\t\t\t<div class=\"e-con-inner\">\n\t\t<div class=\"elementor-element elementor-element-9ad1233 e-con-full e-flex e-con e-child\" data-id=\"9ad1233\" data-element_type=\"container\">\n\t\t\t\t<div class=\"elementor-element elementor-element-380bd6d elementor-view-default elementor-position-top elementor-mobile-position-top elementor-widget elementor-widget-icon-box\" data-id=\"380bd6d\" data-element_type=\"widget\" data-widget_type=\"icon-box.default\">\n\t\t\t\t<div class=\"elementor-widget-container\">\n\t\t\t\t\t\t\t<div class=\"elementor-icon-box-wrapper\">\n\n\t\t\t\t\t\t<div class=\"elementor-icon-box-icon\">\n\t\t\t\t<span  class=\"elementor-icon\">\n\t\t\t\t<svg aria-hidden=\"true\" class=\"e-font-icon-svg e-fas-chart-bar\" viewbox=\"0 0 512 512\" xmlns=\"http:\/\/www.w3.org\/2000\/svg\"><path d=\"M332.8 320h38.4c6.4 0 12.8-6.4 12.8-12.8V172.8c0-6.4-6.4-12.8-12.8-12.8h-38.4c-6.4 0-12.8 6.4-12.8 12.8v134.4c0 6.4 6.4 12.8 12.8 12.8zm96 0h38.4c6.4 0 12.8-6.4 12.8-12.8V76.8c0-6.4-6.4-12.8-12.8-12.8h-38.4c-6.4 0-12.8 6.4-12.8 12.8v230.4c0 6.4 6.4 12.8 12.8 12.8zm-288 0h38.4c6.4 0 12.8-6.4 12.8-12.8v-70.4c0-6.4-6.4-12.8-12.8-12.8h-38.4c-6.4 0-12.8 6.4-12.8 12.8v70.4c0 6.4 6.4 12.8 12.8 12.8zm96 0h38.4c6.4 0 12.8-6.4 12.8-12.8V108.8c0-6.4-6.4-12.8-12.8-12.8h-38.4c-6.4 0-12.8 6.4-12.8 12.8v198.4c0 6.4 6.4 12.8 12.8 12.8zM496 384H64V80c0-8.84-7.16-16-16-16H16C7.16 64 0 71.16 0 80v336c0 17.67 14.33 32 32 32h464c8.84 0 16-7.16 16-16v-32c0-8.84-7.16-16-16-16z\"><\/path><\/svg>\t\t\t\t<\/span>\n\t\t\t<\/div>\n\t\t\t\n\t\t\t\t\t\t<div class=\"elementor-icon-box-content\">\n\n\t\t\t\t\t\t\t\t\t<h4 class=\"elementor-icon-box-title\">\n\t\t\t\t\t\t<span  >\n\t\t\t\t\t\t\tThe problem?\t\t\t\t\t\t<\/span>\n\t\t\t\t\t<\/h4>\n\t\t\t\t\n\t\t\t\t\t\t\t\t\t<p class=\"elementor-icon-box-description\">\n\t\t\t\t\t\tAs the portfolio grows, the share of risk that is transferred to the reinsurer should decrease, but this is not always the case. As a result, many insurers end up giving up more premiums than necessary, generating profits\nexcessive for reinsurers.\t\t\t\t\t<\/p>\n\t\t\t\t\n\t\t\t<\/div>\n\t\t\t\n\t\t<\/div>\n\t\t\t\t\t\t<\/div>\n\t\t\t\t<\/div>\n\t\t\t\t<\/div>\n\t\t<div class=\"elementor-element elementor-element-6c54c58 e-con-full e-flex e-con e-child\" data-id=\"6c54c58\" data-element_type=\"container\">\n\t\t\t\t<div class=\"elementor-element elementor-element-bb340e0 elementor-view-default elementor-position-top elementor-mobile-position-top elementor-widget elementor-widget-icon-box\" data-id=\"bb340e0\" data-element_type=\"widget\" data-widget_type=\"icon-box.default\">\n\t\t\t\t<div class=\"elementor-widget-container\">\n\t\t\t\t\t\t\t<div class=\"elementor-icon-box-wrapper\">\n\n\t\t\t\t\t\t<div class=\"elementor-icon-box-icon\">\n\t\t\t\t<span  class=\"elementor-icon\">\n\t\t\t\t<svg aria-hidden=\"true\" class=\"e-font-icon-svg e-fas-pencil-alt\" viewbox=\"0 0 512 512\" xmlns=\"http:\/\/www.w3.org\/2000\/svg\"><path d=\"M497.9 142.1l-46.1 46.1c-4.7 4.7-12.3 4.7-17 0l-111-111c-4.7-4.7-4.7-12.3 0-17l46.1-46.1c18.7-18.7 49.1-18.7 67.9 0l60.1 60.1c18.8 18.7 18.8 49.1 0 67.9zM284.2 99.8L21.6 362.4.4 483.9c-2.9 16.4 11.4 30.6 27.8 27.8l121.5-21.3 262.6-262.6c4.7-4.7 4.7-12.3 0-17l-111-111c-4.8-4.7-12.4-4.7-17.1 0zM124.1 339.9c-5.5-5.5-5.5-14.3 0-19.8l154-154c5.5-5.5 14.3-5.5 19.8 0s5.5 14.3 0 19.8l-154 154c-5.5 5.5-14.3 5.5-19.8 0zM88 424h48v36.3l-64.5 11.3-31.1-31.1L51.7 376H88v48z\"><\/path><\/svg>\t\t\t\t<\/span>\n\t\t\t<\/div>\n\t\t\t\n\t\t\t\t\t\t<div class=\"elementor-icon-box-content\">\n\n\t\t\t\t\t\t\t\t\t<h4 class=\"elementor-icon-box-title\">\n\t\t\t\t\t\t<span  >\n\t\t\t\t\t\t\tKey facts\t\t\t\t\t\t<\/span>\n\t\t\t\t\t<\/h4>\n\t\t\t\t\n\t\t\t\t\t\t\t\t\t<p class=\"elementor-icon-box-description\">\n\t\t\t\t\t\tThere are reinsurance programs where reinsurers earn more than 30% or even 40% of the volume of premiums ceded as profit.\nIn proportional reinsurance, a margin greater than 15%-20% is already considered excessive.\t\t\t\t\t<\/p>\n\t\t\t\t\n\t\t\t<\/div>\n\t\t\t\n\t\t<\/div>\n\t\t\t\t\t\t<\/div>\n\t\t\t\t<\/div>\n\t\t\t\t<\/div>\n\t\t<div class=\"elementor-element elementor-element-181e3fd e-con-full e-flex e-con e-child\" data-id=\"181e3fd\" data-element_type=\"container\">\n\t\t\t\t<div class=\"elementor-element elementor-element-236c42a elementor-view-default elementor-position-top elementor-mobile-position-top elementor-widget elementor-widget-icon-box\" data-id=\"236c42a\" data-element_type=\"widget\" data-widget_type=\"icon-box.default\">\n\t\t\t\t<div class=\"elementor-widget-container\">\n\t\t\t\t\t\t\t<div class=\"elementor-icon-box-wrapper\">\n\n\t\t\t\t\t\t<div class=\"elementor-icon-box-icon\">\n\t\t\t\t<span  class=\"elementor-icon\">\n\t\t\t\t<svg aria-hidden=\"true\" class=\"e-font-icon-svg e-fas-star\" viewbox=\"0 0 576 512\" xmlns=\"http:\/\/www.w3.org\/2000\/svg\"><path d=\"M259.3 17.8L194 150.2 47.9 171.5c-26.2 3.8-36.7 36.1-17.7 54.6l105.7 103-25 145.5c-4.5 26.3 23.2 46 46.4 33.7L288 439.6l130.7 68.7c23.2 12.2 50.9-7.4 46.4-33.7l-25-145.5 105.7-103c19-18.5 8.5-50.8-17.7-54.6L382 150.2 316.7 17.8c-11.7-23.6-45.6-23.9-57.4 0z\"><\/path><\/svg>\t\t\t\t<\/span>\n\t\t\t<\/div>\n\t\t\t\n\t\t\t\t\t\t<div class=\"elementor-icon-box-content\">\n\n\t\t\t\t\t\t\t\t\t<h4 class=\"elementor-icon-box-title\">\n\t\t\t\t\t\t<span  >\n\t\t\t\t\t\t\tHow does Re[Nfq] help?\t\t\t\t\t\t<\/span>\n\t\t\t\t\t<\/h4>\n\t\t\t\t\n\t\t\t\t\t\t\t\t\t<p class=\"elementor-icon-box-description\">\n\t\t\t\t\t\tOur methodology allows us to calculate the optimal reinsurance program, maximizing profitability without compromising safety.\t\t\t\t\t<\/p>\n\t\t\t\t\n\t\t\t<\/div>\n\t\t\t\n\t\t<\/div>\n\t\t\t\t\t\t<\/div>\n\t\t\t\t<\/div>\n\t\t\t\t<div class=\"elementor-element elementor-element-b6bc7a6 elementor-widget elementor-widget-text-editor\" data-id=\"b6bc7a6\" data-element_type=\"widget\" data-widget_type=\"text-editor.default\">\n\t\t\t\t<div class=\"elementor-widget-container\">\n\t\t\t\t\t\t\t\t\t<ul><li>Feasibility: Even if the insurer has a limited claims history, it is possible to optimize its reinsurance program.<\/li><li>Speed: Our process is much more agile than traditional methods.<\/li><li>Pay for success: We can work with a Success Fee model, where the remuneration is based on the savings achieved.<\/li><li>Reduced cost: Implementing this analysis with Re[Nfq] is much cheaper than doing it through brokers or reinsurers. In addition, our analysis is independent.<\/li><\/ul>\t\t\t\t\t\t\t\t<\/div>\n\t\t\t\t<\/div>\n\t\t\t\t<div class=\"elementor-element elementor-element-c0321c5 elementor-widget elementor-widget-text-editor\" data-id=\"c0321c5\" data-element_type=\"widget\" data-widget_type=\"text-editor.default\">\n\t\t\t\t<div class=\"elementor-widget-container\">\n\t\t\t\t\t\t\t\t\t<p>Lower costs, more control and better results with Re[Nfq].<\/p>\t\t\t\t\t\t\t\t<\/div>\n\t\t\t\t<\/div>\n\t\t\t\t<\/div>\n\t\t\t\t\t<\/div>\n\t\t\t\t<\/div>\n\t\t<div class=\"elementor-element elementor-element-73e144b e-flex e-con-boxed e-con e-parent\" data-id=\"73e144b\" data-element_type=\"container\">\n\t\t\t\t\t<div class=\"e-con-inner\">\n\t\t\t\t<div class=\"elementor-element elementor-element-cda7229 elementor-widget__width-initial elementor-widget elementor-widget-heading\" data-id=\"cda7229\" data-element_type=\"widget\" data-widget_type=\"heading.default\">\n\t\t\t\t<div class=\"elementor-widget-container\">\n\t\t\t\t\t<h2 class=\"elementor-heading-title elementor-size-default\">\u2501<\/h2>\t\t\t\t<\/div>\n\t\t\t\t<\/div>\n\t\t\t\t<div class=\"elementor-element elementor-element-9183555 elementor-widget elementor-widget-heading\" data-id=\"9183555\" data-element_type=\"widget\" data-widget_type=\"heading.default\">\n\t\t\t\t<div class=\"elementor-widget-container\">\n\t\t\t\t\t<h3 class=\"elementor-heading-title elementor-size-default\">HOW MUCH CAN I SAVE?<\/h3>\t\t\t\t<\/div>\n\t\t\t\t<\/div>\n\t\t\t\t\t<\/div>\n\t\t\t\t<\/div>\n\t\t<div class=\"elementor-element elementor-element-13587c2 e-flex e-con-boxed e-con e-parent\" data-id=\"13587c2\" data-element_type=\"container\">\n\t\t\t\t\t<div class=\"e-con-inner\">\n\t\t\t\t<div class=\"elementor-element elementor-element-254dcc4 elementor-widget elementor-widget-text-editor\" data-id=\"254dcc4\" data-element_type=\"widget\" data-widget_type=\"text-editor.default\">\n\t\t\t\t<div class=\"elementor-widget-container\">\n\t\t\t\t\t\t\t\t\t<p>Our experience tells us that between 30% and 50% of the reinsurance taken out by life and accident insurers is not<br \/>really necessary. This means that the cost of reinsurance can be reduced in the same proportion, optimizing the programs<br \/>without affecting the financial security of the company.<\/p><p>Paying only for what is necessary is possible with Re[Nfq].<\/p>\t\t\t\t\t\t\t\t<\/div>\n\t\t\t\t<\/div>\n\t\t\t\t\t<\/div>\n\t\t\t\t<\/div>\n\t\t\t\t<\/div>","protected":false},"excerpt":{"rendered":"<p>\u2501 \u00bfQU\u00c9 ES Re[Nfq]? Herramienta de modelizaci\u00f3n y optimizaci\u00f3n de programas de reaseguro proporcional de vida y accidentes. Estad\u00edsticamente se basa en Montecarlo, realizando en Cloud millones de simulaciones de los riesgos individuales. \u2501 \u00bfQU\u00c9 OFRECE Re[Nfq]? En Nfq | Seguros ayudamos a las compa\u00f1\u00edas de seguros a reducir costes en su protecci\u00f3n financiera (reaseguro). [&hellip;]<\/p>","protected":false},"author":1,"featured_media":62,"parent":0,"menu_order":0,"comment_status":"closed","ping_status":"closed","template":"","meta":{"footnotes":""},"class_list":["post-196","page","type-page","status-publish","has-post-thumbnail","hentry"],"yoast_head":"<!-- This site is optimized with the Yoast SEO plugin v24.8.1 - https:\/\/yoast.com\/wordpress\/plugins\/seo\/ -->\n<title>Inversi\u00f3n en Re[Nfq] - Re[Nfq]<\/title>\n<meta name=\"description\" content=\"Re[Nfq] ayuda a las aseguradoras a reducir los gastos de su reaseguro sin perder estabilidad.\" \/>\n<meta name=\"robots\" content=\"index, follow, max-snippet:-1, max-image-preview:large, max-video-preview:-1\" \/>\n<link rel=\"canonical\" href=\"https:\/\/renfq.com\/en\/inversion-renfq\/\" \/>\n<meta property=\"og:locale\" content=\"en_GB\" \/>\n<meta property=\"og:type\" content=\"article\" \/>\n<meta property=\"og:title\" content=\"Inversi\u00f3n en Re[Nfq] - Re[Nfq]\" \/>\n<meta property=\"og:description\" content=\"Re[Nfq] ayuda a las aseguradoras a reducir los gastos de su reaseguro sin perder estabilidad.\" \/>\n<meta property=\"og:url\" content=\"https:\/\/renfq.com\/en\/inversion-renfq\/\" \/>\n<meta property=\"og:site_name\" content=\"Re[Nfq]\" \/>\n<meta property=\"article:modified_time\" content=\"2025-04-08T11:08:07+00:00\" \/>\n<meta property=\"og:image\" content=\"https:\/\/renfq.com\/wp-content\/uploads\/2025\/03\/actuary-work-employees-statistics-graph-28oz55477ho9l3ly-edited-1.jpg\" \/>\n\t<meta property=\"og:image:width\" content=\"1067\" \/>\n\t<meta property=\"og:image:height\" content=\"600\" \/>\n\t<meta property=\"og:image:type\" content=\"image\/jpeg\" \/>\n<meta name=\"twitter:card\" content=\"summary_large_image\" \/>\n<meta name=\"twitter:label1\" content=\"Estimated reading time\" \/>\n\t<meta name=\"twitter:data1\" content=\"2 minutes\" \/>\n<script type=\"application\/ld+json\" class=\"yoast-schema-graph\">{\"@context\":\"https:\/\/schema.org\",\"@graph\":[{\"@type\":\"WebPage\",\"@id\":\"https:\/\/renfq.com\/inversion-renfq\/\",\"url\":\"https:\/\/renfq.com\/inversion-renfq\/\",\"name\":\"Inversi\u00f3n en Re[Nfq] - Re[Nfq]\",\"isPartOf\":{\"@id\":\"https:\/\/renfq.com\/#website\"},\"primaryImageOfPage\":{\"@id\":\"https:\/\/renfq.com\/inversion-renfq\/#primaryimage\"},\"image\":{\"@id\":\"https:\/\/renfq.com\/inversion-renfq\/#primaryimage\"},\"thumbnailUrl\":\"https:\/\/renfq.com\/wp-content\/uploads\/2025\/03\/actuary-work-employees-statistics-graph-28oz55477ho9l3ly-edited-1.jpg\",\"datePublished\":\"2025-04-01T14:12:25+00:00\",\"dateModified\":\"2025-04-08T11:08:07+00:00\",\"description\":\"Re[Nfq] ayuda a las aseguradoras a reducir los gastos de su reaseguro sin perder estabilidad.\",\"breadcrumb\":{\"@id\":\"https:\/\/renfq.com\/inversion-renfq\/#breadcrumb\"},\"inLanguage\":\"en-GB\",\"potentialAction\":[{\"@type\":\"ReadAction\",\"target\":[\"https:\/\/renfq.com\/inversion-renfq\/\"]}]},{\"@type\":\"ImageObject\",\"inLanguage\":\"en-GB\",\"@id\":\"https:\/\/renfq.com\/inversion-renfq\/#primaryimage\",\"url\":\"https:\/\/renfq.com\/wp-content\/uploads\/2025\/03\/actuary-work-employees-statistics-graph-28oz55477ho9l3ly-edited-1.jpg\",\"contentUrl\":\"https:\/\/renfq.com\/wp-content\/uploads\/2025\/03\/actuary-work-employees-statistics-graph-28oz55477ho9l3ly-edited-1.jpg\",\"width\":1067,\"height\":600},{\"@type\":\"BreadcrumbList\",\"@id\":\"https:\/\/renfq.com\/inversion-renfq\/#breadcrumb\",\"itemListElement\":[{\"@type\":\"ListItem\",\"position\":1,\"name\":\"Home\",\"item\":\"https:\/\/renfq.com\/\"},{\"@type\":\"ListItem\",\"position\":2,\"name\":\"Inversi\u00f3n en Re[Nfq]\"}]},{\"@type\":\"WebSite\",\"@id\":\"https:\/\/renfq.com\/#website\",\"url\":\"https:\/\/renfq.com\/\",\"name\":\"Re[Nfq]\",\"description\":\"\",\"publisher\":{\"@id\":\"https:\/\/renfq.com\/#organization\"},\"potentialAction\":[{\"@type\":\"SearchAction\",\"target\":{\"@type\":\"EntryPoint\",\"urlTemplate\":\"https:\/\/renfq.com\/?s={search_term_string}\"},\"query-input\":{\"@type\":\"PropertyValueSpecification\",\"valueRequired\":true,\"valueName\":\"search_term_string\"}}],\"inLanguage\":\"en-GB\"},{\"@type\":\"Organization\",\"@id\":\"https:\/\/renfq.com\/#organization\",\"name\":\"Re[Nfq]\",\"url\":\"https:\/\/renfq.com\/\",\"logo\":{\"@type\":\"ImageObject\",\"inLanguage\":\"en-GB\",\"@id\":\"https:\/\/renfq.com\/#\/schema\/logo\/image\/\",\"url\":\"https:\/\/renfq.com\/wp-content\/uploads\/2025\/03\/Captura-de-pantalla-2025-03-31-094000.png\",\"contentUrl\":\"https:\/\/renfq.com\/wp-content\/uploads\/2025\/03\/Captura-de-pantalla-2025-03-31-094000.png\",\"width\":318,\"height\":93,\"caption\":\"Re[Nfq]\"},\"image\":{\"@id\":\"https:\/\/renfq.com\/#\/schema\/logo\/image\/\"}}]}<\/script>\n<!-- \/ Yoast SEO plugin. -->","yoast_head_json":{"title":"Inversi\u00f3n en Re[Nfq] - Re[Nfq]","description":"Re[Nfq] ayuda a las aseguradoras a reducir los gastos de su reaseguro sin perder estabilidad.","robots":{"index":"index","follow":"follow","max-snippet":"max-snippet:-1","max-image-preview":"max-image-preview:large","max-video-preview":"max-video-preview:-1"},"canonical":"https:\/\/renfq.com\/en\/inversion-renfq\/","og_locale":"en_GB","og_type":"article","og_title":"Inversi\u00f3n en Re[Nfq] - Re[Nfq]","og_description":"Re[Nfq] ayuda a las aseguradoras a reducir los gastos de su reaseguro sin perder estabilidad.","og_url":"https:\/\/renfq.com\/en\/inversion-renfq\/","og_site_name":"Re[Nfq]","article_modified_time":"2025-04-08T11:08:07+00:00","og_image":[{"width":1067,"height":600,"url":"https:\/\/renfq.com\/wp-content\/uploads\/2025\/03\/actuary-work-employees-statistics-graph-28oz55477ho9l3ly-edited-1.jpg","type":"image\/jpeg"}],"twitter_card":"summary_large_image","twitter_misc":{"Estimated reading time":"2 minutes"},"schema":{"@context":"https:\/\/schema.org","@graph":[{"@type":"WebPage","@id":"https:\/\/renfq.com\/inversion-renfq\/","url":"https:\/\/renfq.com\/inversion-renfq\/","name":"Inversi\u00f3n en Re[Nfq] - Re[Nfq]","isPartOf":{"@id":"https:\/\/renfq.com\/#website"},"primaryImageOfPage":{"@id":"https:\/\/renfq.com\/inversion-renfq\/#primaryimage"},"image":{"@id":"https:\/\/renfq.com\/inversion-renfq\/#primaryimage"},"thumbnailUrl":"https:\/\/renfq.com\/wp-content\/uploads\/2025\/03\/actuary-work-employees-statistics-graph-28oz55477ho9l3ly-edited-1.jpg","datePublished":"2025-04-01T14:12:25+00:00","dateModified":"2025-04-08T11:08:07+00:00","description":"Re[Nfq] ayuda a las aseguradoras a reducir los gastos de su reaseguro sin perder estabilidad.","breadcrumb":{"@id":"https:\/\/renfq.com\/inversion-renfq\/#breadcrumb"},"inLanguage":"en-GB","potentialAction":[{"@type":"ReadAction","target":["https:\/\/renfq.com\/inversion-renfq\/"]}]},{"@type":"ImageObject","inLanguage":"en-GB","@id":"https:\/\/renfq.com\/inversion-renfq\/#primaryimage","url":"https:\/\/renfq.com\/wp-content\/uploads\/2025\/03\/actuary-work-employees-statistics-graph-28oz55477ho9l3ly-edited-1.jpg","contentUrl":"https:\/\/renfq.com\/wp-content\/uploads\/2025\/03\/actuary-work-employees-statistics-graph-28oz55477ho9l3ly-edited-1.jpg","width":1067,"height":600},{"@type":"BreadcrumbList","@id":"https:\/\/renfq.com\/inversion-renfq\/#breadcrumb","itemListElement":[{"@type":"ListItem","position":1,"name":"Home","item":"https:\/\/renfq.com\/"},{"@type":"ListItem","position":2,"name":"Inversi\u00f3n en Re[Nfq]"}]},{"@type":"WebSite","@id":"https:\/\/renfq.com\/#website","url":"https:\/\/renfq.com\/","name":"Re[Nfq]","description":"","publisher":{"@id":"https:\/\/renfq.com\/#organization"},"potentialAction":[{"@type":"SearchAction","target":{"@type":"EntryPoint","urlTemplate":"https:\/\/renfq.com\/?s={search_term_string}"},"query-input":{"@type":"PropertyValueSpecification","valueRequired":true,"valueName":"search_term_string"}}],"inLanguage":"en-GB"},{"@type":"Organization","@id":"https:\/\/renfq.com\/#organization","name":"Re[Nfq]","url":"https:\/\/renfq.com\/","logo":{"@type":"ImageObject","inLanguage":"en-GB","@id":"https:\/\/renfq.com\/#\/schema\/logo\/image\/","url":"https:\/\/renfq.com\/wp-content\/uploads\/2025\/03\/Captura-de-pantalla-2025-03-31-094000.png","contentUrl":"https:\/\/renfq.com\/wp-content\/uploads\/2025\/03\/Captura-de-pantalla-2025-03-31-094000.png","width":318,"height":93,"caption":"Re[Nfq]"},"image":{"@id":"https:\/\/renfq.com\/#\/schema\/logo\/image\/"}}]}},"_links":{"self":[{"href":"https:\/\/renfq.com\/en\/wp-json\/wp\/v2\/pages\/196","targetHints":{"allow":["GET"]}}],"collection":[{"href":"https:\/\/renfq.com\/en\/wp-json\/wp\/v2\/pages"}],"about":[{"href":"https:\/\/renfq.com\/en\/wp-json\/wp\/v2\/types\/page"}],"author":[{"embeddable":true,"href":"https:\/\/renfq.com\/en\/wp-json\/wp\/v2\/users\/1"}],"replies":[{"embeddable":true,"href":"https:\/\/renfq.com\/en\/wp-json\/wp\/v2\/comments?post=196"}],"version-history":[{"count":36,"href":"https:\/\/renfq.com\/en\/wp-json\/wp\/v2\/pages\/196\/revisions"}],"predecessor-version":[{"id":285,"href":"https:\/\/renfq.com\/en\/wp-json\/wp\/v2\/pages\/196\/revisions\/285"}],"wp:featuredmedia":[{"embeddable":true,"href":"https:\/\/renfq.com\/en\/wp-json\/wp\/v2\/media\/62"}],"wp:attachment":[{"href":"https:\/\/renfq.com\/en\/wp-json\/wp\/v2\/media?parent=196"}],"curies":[{"name":"wp","href":"https:\/\/api.w.org\/{rel}","templated":true}]}}